{"id":115,"date":"2020-03-13T15:28:00","date_gmt":"2020-03-13T15:28:00","guid":{"rendered":"https:\/\/startersites.io\/blocksy\/modern-shop\/?page_id=115"},"modified":"2025-09-10T21:13:35","modified_gmt":"2025-09-10T21:13:35","slug":"about","status":"publish","type":"page","link":"https:\/\/debag.co\/pl\/about\/","title":{"rendered":"O nas"},"content":{"rendered":"<div data-elementor-type=\"wp-page\" data-elementor-id=\"115\" class=\"elementor elementor-115\">\n\t\t\t\t\t\t<section data-ka-cursor-size=\"1\" class=\"elementor-section elementor-top-section elementor-element elementor-element-0466ea5 ct-section-stretched ostre-tlo-2 elementor-section-boxed elementor-section-height-default elementor-section-height-default\" data-id=\"0466ea5\" data-element_type=\"section\" data-e-type=\"section\" data-settings=\"{&quot;background_background&quot;:&quot;classic&quot;,&quot;shape_divider_bottom&quot;:&quot;waves&quot;,&quot;animation&quot;:&quot;none&quot;,&quot;kng_cursor_interaction&quot;:&quot;default&quot;,&quot;kng_cursor_magnetic&quot;:&quot;none&quot;,&quot;kng_cursor_size_multiplier&quot;:{&quot;unit&quot;:&quot;px&quot;,&quot;size&quot;:1,&quot;sizes&quot;:[]}}\">\n\t\t\t\t\t\t\t<div class=\"elementor-background-overlay\"><\/div>\n\t\t\t\t\t\t<div class=\"elementor-shape elementor-shape-bottom\" aria-hidden=\"true\" data-negative=\"false\">\n\t\t\t<svg xmlns=\"http:\/\/www.w3.org\/2000\/svg\" viewbox=\"0 0 1000 100\" preserveaspectratio=\"none\">\n\t<path class=\"elementor-shape-fill\" d=\"M421.9,6.5c22.6-2.5,51.5,0.4,75.5,5.3c23.6,4.9,70.9,23.5,100.5,35.7c75.8,32.2,133.7,44.5,192.6,49.7\tc23.6,2.1,48.7,3.5,103.4-2.5c54.7-6,106.2-25.6,106.2-25.6V0H0v30.3c0,0,72,32.6,158.4,30.5c39.2-0.7,92.8-6.7,134-22.4\tc21.2-8.1,52.2-18.2,79.7-24.2C399.3,7.9,411.6,7.5,421.9,6.5z\"\/>\n<\/svg>\t\t<\/div>\n\t\t\t\t\t<div class=\"elementor-container elementor-column-gap-default\">\n\t\t\t\t\t<div data-ka-cursor-size=\"1\" class=\"elementor-column elementor-col-100 elementor-top-column elementor-element elementor-element-a7599c2\" data-id=\"a7599c2\" data-element_type=\"column\" data-e-type=\"column\" data-settings=\"{&quot;kng_cursor_interaction&quot;:&quot;default&quot;,&quot;kng_cursor_magnetic&quot;:&quot;none&quot;,&quot;kng_cursor_size_multiplier&quot;:{&quot;unit&quot;:&quot;px&quot;,&quot;size&quot;:1,&quot;sizes&quot;:[]}}\">\n\t\t\t<div class=\"elementor-widget-wrap\">\n\t\t\t\t\t\t\t<\/div>\n\t\t<\/div>\n\t\t\t\t\t<\/div>\n\t\t<\/section>\n\t\t<div data-ka-cursor-size=\"1\" class=\"elementor-element elementor-element-3de46f0 e-transform e-flex e-con-boxed e-con e-parent\" data-id=\"3de46f0\" data-element_type=\"container\" data-e-type=\"container\" data-settings=\"{&quot;_transform_translateY_effect_tablet&quot;:{&quot;unit&quot;:&quot;px&quot;,&quot;size&quot;:-131,&quot;sizes&quot;:[]},&quot;_transform_translateY_effect_mobile&quot;:{&quot;unit&quot;:&quot;px&quot;,&quot;size&quot;:-76,&quot;sizes&quot;:[]},&quot;kng_cursor_interaction&quot;:&quot;default&quot;,&quot;kng_cursor_magnetic&quot;:&quot;none&quot;,&quot;kng_cursor_size_multiplier&quot;:{&quot;unit&quot;:&quot;px&quot;,&quot;size&quot;:1,&quot;sizes&quot;:[]},&quot;_transform_translateX_effect&quot;:{&quot;unit&quot;:&quot;px&quot;,&quot;size&quot;:&quot;&quot;,&quot;sizes&quot;:[]},&quot;_transform_translateX_effect_tablet&quot;:{&quot;unit&quot;:&quot;px&quot;,&quot;size&quot;:&quot;&quot;,&quot;sizes&quot;:[]},&quot;_transform_translateX_effect_mobile&quot;:{&quot;unit&quot;:&quot;px&quot;,&quot;size&quot;:&quot;&quot;,&quot;sizes&quot;:[]},&quot;_transform_translateY_effect&quot;:{&quot;unit&quot;:&quot;px&quot;,&quot;size&quot;:&quot;&quot;,&quot;sizes&quot;:[]}}\">\n\t\t\t\t\t<div class=\"e-con-inner\">\n\t\t\t\t<div data-ka-cursor-size=\"1\" class=\"elementor-element elementor-element-c7ba3a0 elementor-widget elementor-widget-heading\" data-id=\"c7ba3a0\" data-element_type=\"widget\" data-e-type=\"widget\" data-settings=\"{&quot;kng_cursor_interaction&quot;:&quot;default&quot;,&quot;kng_cursor_magnetic&quot;:&quot;none&quot;,&quot;kng_cursor_size_multiplier&quot;:{&quot;unit&quot;:&quot;px&quot;,&quot;size&quot;:1,&quot;sizes&quot;:[]}}\" data-widget_type=\"heading.default\">\n\t\t\t\t\t<h2 class=\"elementor-heading-title elementor-size-default\">Bez kompromis\u00f3w w kwestii jako\u015bci i designu<\/h2><style id=\"core-c7ba3a0-core-block-supports-inline-css\"><\/style>\t\t\t\t<\/div>\n\t\t\t\t<div data-ka-cursor-size=\"1\" class=\"elementor-element elementor-element-feb3c6b elementor-widget elementor-widget-text-editor\" data-id=\"feb3c6b\" data-element_type=\"widget\" data-e-type=\"widget\" data-settings=\"{&quot;kng_cursor_interaction&quot;:&quot;default&quot;,&quot;kng_cursor_magnetic&quot;:&quot;none&quot;,&quot;kng_cursor_size_multiplier&quot;:{&quot;unit&quot;:&quot;px&quot;,&quot;size&quot;:1,&quot;sizes&quot;:[]}}\" data-widget_type=\"text-editor.default\">\n\t\t\t\t\t\t\t\t\t<p><strong data-start=\"139\" data-end=\"151\">debag.co<\/strong> to marka za\u0142o\u017cona w 2025 roku, zrodzona z g\u0142\u0119bokiej mi\u0142o\u015bci do <em data-start=\"206\" data-end=\"220\">slow fashion<\/em>, zaanga\u017cowania w zr\u00f3wnowa\u017cony rozw\u00f3j oraz pasji do tworzenia czego\u015b, co ma prawdziwe znaczenie.<\/p>\n<p>Za ca\u0142ym projektem stoi jedna osoba \u2014 mam na imi\u0119 Kinga i jestem zapalon\u0105 fank\u0105 szyde\u0142kowania oraz mi\u0142o\u015bniczk\u0105 dodatk\u00f3w, kt\u00f3re potrafi\u0105 odmieni\u0107 ka\u017cd\u0105 stylizacj\u0119. Szyde\u0142kuj\u0119 od lat, ale to w\u0142a\u015bnie proces projektowania i tworzenia torebek skrad\u0142 moje serce. Torebka to nie tylko praktyczny przedmiot \u2014 to element, kt\u00f3ry mo\u017ce nada\u0107 charakter ca\u0142emu Twojemu outfitowi.<\/p>\n<p>Ka\u017cdy projekt wykonuj\u0119 w\u0142asnor\u0119cznie od podstaw, z ogromn\u0105 dba\u0142o\u015bci\u0105 o detale, komfort i uniwersalno\u015b\u0107. Moim celem jest tworzenie ponadczasowych modeli, kt\u00f3re \u0142atwo dopasujesz do r\u00f3\u017cnych styli - od codziennego, po bardziej eleganckie. Chc\u0119, aby <strong data-start=\"945\" data-end=\"962\">torebki debag.co<\/strong> by\u0142y tym dodatkiem, po kt\u00f3ry si\u0119gasz wci\u0105\u017c na nowo \u2014 stylowym, praktycznym i osobistym.<\/p>\n<h4><strong>Co wyr\u00f3\u017cnia debag.co?<\/strong><\/h4>\n<p>Wszystkie produkty powstaj\u0105 z w\u0142\u00f3czki sk\u0142adaj\u0105cej si\u0119 w co najmniej <strong>80% bawe\u0142ny<\/strong> i <strong>20% poliestru<\/strong>. Taka mieszanka sprawia, \u017ce torebki s\u0105 mi\u0119kkie, elastyczne i przyjemne w dotyku, a jednocze\u015bnie trwa\u0142e i odporne na zu\u017cycie. Co najwa\u017cniejsze \u2014 w\u0142\u00f3czka pochodzi z <strong data-start=\"1345\" data-end=\"1384\">recyklingu odpad\u00f3w przemys\u0142u tekstylnego,<\/strong>kt\u00f3re w innym przypadku trafi\u0142yby na wysypisko.&nbsp;<span style=\"background-color: inherit; font-variant-ligatures: inherit; font-variant-caps: inherit;\">Przez jej u\u017cycie, produkty mog\u0105 nieznacznie r\u00f3\u017cni\u0107 si\u0119 faktur\u0105, grubo\u015bci\u0105 w\u0142\u00f3czki i kolorem - ka\u017cda torebka jest przez to wyj\u0105tkowa.<\/span><\/p>\n<p>Wybieraj\u0105c produkty <strong data-start=\"1436\" data-end=\"1448\">debag.co<\/strong> nie kupujesz jedynie pi\u0119knego, r\u0119cznie robionego dodatku \u2014 bierzesz r\u00f3wnie\u017c udzia\u0142 w ochronie naszej planety poprzez:<\/p>\n<ul>\n<li data-start=\"1602\" data-end=\"1633\">\n<p data-start=\"1604\" data-end=\"1633\"><strong data-start=\"1607\" data-end=\"1633\">Ograniczanie odpad\u00f3w tekstylnych<\/strong><\/p>\n<\/li>\n<li data-start=\"1634\" data-end=\"1737\">\n<p data-start=\"1636\" data-end=\"1737\"><strong data-start=\"1639\" data-end=\"1667\">Oszcz\u0119dzanie zasob\u00f3w naturalnych,<\/strong> takich jak woda i energia, kt\u00f3re s\u0105 zu\u017cywane przy produkcji nowych w\u0142\u00f3kien<\/p>\n<\/li>\n<li data-start=\"1738\" data-end=\"1777\">\n<p data-start=\"1740\" data-end=\"1777\"><strong data-start=\"1743\" data-end=\"1777\">Obni\u017canie swojego \u015bladu w\u0119glowego<\/strong><\/p>\n<\/li>\n<li data-start=\"1778\" data-end=\"1869\">\n<p data-start=\"1780\" data-end=\"1869\"><strong data-start=\"1783\" data-end=\"1845\">Minimalizowanie eksploatacji \u015brodowiska i zwierz\u0105t<\/strong> <strong>w przemy\u015ble tekstylnym<\/strong><\/p>\n<\/li>\n<\/ul>\t\t\t\t<style id=\"core-feb3c6b-core-block-supports-inline-css\"><\/style>\t\t\t\t<\/div>\n\t\t\t\t\t<\/div>\n\t\t\t\t<\/div>\n\t\t<div data-ka-cursor-size=\"1\" class=\"elementor-element elementor-element-b803ea2 e-flex e-con-boxed e-con e-parent\" data-id=\"b803ea2\" data-element_type=\"container\" data-e-type=\"container\" data-settings=\"{&quot;kng_cursor_interaction&quot;:&quot;default&quot;,&quot;kng_cursor_magnetic&quot;:&quot;none&quot;,&quot;kng_cursor_size_multiplier&quot;:{&quot;unit&quot;:&quot;px&quot;,&quot;size&quot;:1,&quot;sizes&quot;:[]}}\">\n\t\t\t\t\t<div class=\"e-con-inner\">\n\t\t\t\t<div data-ka-cursor-size=\"1\" class=\"elementor-element elementor-element-0f4b271 elementor-widget elementor-widget-spacer\" data-id=\"0f4b271\" data-element_type=\"widget\" data-e-type=\"widget\" data-settings=\"{&quot;kng_cursor_interaction&quot;:&quot;default&quot;,&quot;kng_cursor_magnetic&quot;:&quot;none&quot;,&quot;kng_cursor_size_multiplier&quot;:{&quot;unit&quot;:&quot;px&quot;,&quot;size&quot;:1,&quot;sizes&quot;:[]}}\" data-widget_type=\"spacer.default\">\n\t\t\t\t\t\t\t<div class=\"elementor-spacer\">\n\t\t\t<div class=\"elementor-spacer-inner\"><\/div>\n\t\t<\/div>\n\t\t<style id=\"core-0f4b271-core-block-supports-inline-css\"><\/style>\t\t\t\t<\/div>\n\t\t\t\t\t<\/div>\n\t\t\t\t<\/div>\n\t\t\t\t<\/div>","protected":false},"excerpt":{"rendered":"<p>Massa sed elementum tempus egestas sed sed risus. Risus at ultrices mi tempus imperdiet nulla malesuada pellentesque elit.<\/p>","protected":false},"author":1,"featured_media":0,"parent":0,"menu_order":0,"comment_status":"closed","ping_status":"closed","template":"","meta":{"_monsterinsights_skip_tracking":false,"_monsterinsights_sitenote_active":false,"_monsterinsights_sitenote_note":"","_monsterinsights_sitenote_category":0,"footnotes":""},"class_list":["post-115","page","type-page","status-publish","hentry"],"blocksy_meta":{"page_title_panel":"","has_hero_section":"disabled","6774d2922b2e043009dd0369630c6648":"","hero_section":"type-2","hero_alignment1":"left","hero_alignment2":"center","hero_height":{"0":"500px","1":"500px","2":"500px","3":"500px","4":"500px","desktop":"600px","tablet":"500px","mobile":"400px","__changed":["tablet","tablet","mobile","mobile"]},"page_title_bg_type":"custom_image","custom_hero_background":{"attachment_id":228,"url":"https:\/\/startersites.io\/elementor\/modern-shop\/wp-content\/uploads\/2020\/03\/ashley-knedler-Pf5Pj7A5ddA-unsplash-1024x422.jpg"},"parallax":{"desktop":true,"tablet":false,"mobile":false},"6b74a569d6954c8dde2fe0e3330a3d07":"","single_meta_elements":{"author":false,"date":false,"categories":false,"comments":false,"updated":false,"tags":false},"has_meta_label":"yes","has_meta_avatar":"yes","date_format_source":"custom","single_meta_date_format":"M j, Y","b97b3b35a921898a5a649956dd3ef2c9":"","page_excerpt_visibility":{"desktop":true,"tablet":true,"mobile":true},"pageTitleFont":{"family":"Default","variation":"n9","size":{"desktop":"55px","tablet":"40px","mobile":"30px","__changed":["tablet","tablet","mobile","mobile","mobile"]},"line-height":"1.3","letter-spacing":"CT_CSS_SKIP_RULE","text-transform":"CT_CSS_SKIP_RULE","text-decoration":"CT_CSS_SKIP_RULE"},"pageTitleFontColor":{"default":{"color":"CT_CSS_SKIP_RULEDEFAULT"}},"pageMetaFont":{"family":"Default","variation":"n6","size":{"desktop":"12px","tablet":"12px","mobile":"12px"},"line-height":"1.3","letter-spacing":"CT_CSS_SKIP_RULE","text-transform":"uppercase","text-decoration":"CT_CSS_SKIP_RULE"},"pageMetaFontColor":{"default":{"color":"CT_CSS_SKIP_RULEDEFAULT"},"hover":{"color":"CT_CSS_SKIP_RULEDEFAULT"}},"pageExcerptFont":{"family":"Default","variation":"n5","size":"CT_CSS_SKIP_RULE","line-height":"CT_CSS_SKIP_RULE","letter-spacing":"CT_CSS_SKIP_RULE","text-transform":"CT_CSS_SKIP_RULE","text-decoration":"CT_CSS_SKIP_RULE"},"pageExcerptColor":{"default":{"color":"CT_CSS_SKIP_RULEDEFAULT"}},"pageTitleOverlay":{"default":{"color":"CT_CSS_SKIP_RULE"}},"pageTitleBackground":{"background_type":"color","background_pattern":"type-1","background_image":{"attachment_id":null,"x":0,"y":0},"background_repeat":"no-repeat","background_size":"auto","background_attachment":"scroll","patternColor":{"default":{"color":"#e5e7ea"}},"backgroundColor":{"default":{"color":"#EDEFF2"}},"default":{"color":"#edeff2"}},"e9c08d358e8061a13c6703914fc3e107":"","page_structure_type":"default","page_enable_vertical_spacing":"yes","37e2e5405a48b6dcb367458103437801":"","disable_featured_image":"no","5a23f5815557fff3b572a1ff51bc4447":"","6d18f3e1ac54c9cd1e3e09c3f4dedc8c":"","b11ba8cda6e4bad1311d96230b11a88a":"","1292d792724cdd47c48bd6e6b2e81566":"","ae2e39a6f1a394fbe333e5ca05e5bfb9":"","b025400c48fbaec82191e6798433add3":"","1ea904d02bce5589e5973cd0e6215a6d":"","af31de1a48854c5746ce4378b7f4b10c":"","aa0594d089a317f833967ec6c78ba836":"","8de4197d97c9487ce3f5018fbd54c81e":"","25f8cf7144e44cf269774b333f6c2343":"","c80e3da369fc9e2454430a6d146a31c8":"","23baab15e83c8d7083e2769a437a4768":"","3b5108b2aa7ad8a9428e511d430a3fbe":"","670381c96849f0626bfb58ac79a38931":"","efc6e89b572992af985a906e0b0677c7":"","hero_elements":[{"id":"custom_title","enabled":true,"heading_tag":"h1","title":"Strona g\u0142\u00f3wna"},{"id":"custom_description","enabled":true,"description_visibility":{"desktop":true,"tablet":true,"mobile":false}},{"id":"custom_meta","enabled":false,"meta_elements":[{"id":"author","enabled":true,"label":"By","has_author_avatar":"yes","avatar_size":25},{"id":"post_date","enabled":true,"label":"On","date_format_source":"default","date_format":"M j, Y"},{"id":"comments","enabled":true}],"page_meta_elements":{"joined":true,"articles_count":true,"comments":true}},{"id":"breadcrumbs","enabled":false}],"9f21be5163e55bd032bea22f195ff20e":"","hero_vertical_alignment":"center","hero_structure":"narrow","breadcrumbsFont":{"family":"Default","variation":"n6","size":"12px","line-height":"CT_CSS_SKIP_RULE","letter-spacing":"CT_CSS_SKIP_RULE","text-transform":"uppercase","text-decoration":"CT_CSS_SKIP_RULE"},"breadcrumbsFontColor":{"default":{"color":"CT_CSS_SKIP_RULEDEFAULT"},"initial":{"color":"CT_CSS_SKIP_RULEDEFAULT"},"hover":{"color":"CT_CSS_SKIP_RULEDEFAULT"}},"96d5a5dade1ac81fdc2f23e8c7cb5b1f":"","content_style":"inherit","vertical_spacing_source":"custom","content_area_spacing":"none","background":{"background_type":"color","background_pattern":"type-1","background_image":{"attachment_id":null,"x":0,"y":0},"background_repeat":"no-repeat","background_size":"auto","background_attachment":"scroll","patternColor":{"default":{"color":"#e5e7ea"}},"backgroundColor":{"default":{"color":"CT_CSS_SKIP_RULE"}}},"content_background":{"background_type":"color","background_pattern":"type-1","background_image":{"attachment_id":null,"x":0,"y":0},"background_repeat":"no-repeat","background_size":"auto","background_attachment":"scroll","patternColor":{"default":{"color":"#e5e7ea"}},"backgroundColor":{"default":{"color":"#ffffff"}}},"content_boxed_spacing":{"desktop":"40px","tablet":"35px","mobile":"20px"},"content_boxed_radius":{"top":"3px","bottom":"3px","left":"3px","right":"3px","linked":true},"content_boxed_shadow":{"blur":18,"spread":-6,"v_offset":12,"h_offset":0,"inset":false,"enable":true,"color":{"color":"rgba(34, 56, 101, 0.04)"}},"4bdd9d5997a1f0298d97c2c762f3e2af":"","d780ec6ce909dd8e59a960d0a26ab4c7":"","db7716d397d76637263ec6a3062d99f5":"","6fe45d801239fa686eb3a5a59830a196":"","4b0189eec5ad97685a72ec47b45589b8":"","styles_descriptor":{"styles":{"desktop":"","tablet":"","mobile":""},"google_fonts":[],"version":6}},"yoast_head":"<!-- This site is optimized with the Yoast SEO plugin v27.0 - https:\/\/yoast.com\/product\/yoast-seo-wordpress\/ -->\n<title>About - debag.co<\/title>\n<meta name=\"robots\" content=\"index, follow, max-snippet:-1, max-image-preview:large, max-video-preview:-1\" \/>\n<link rel=\"canonical\" href=\"https:\/\/debag.co\/pl\/about\/\" \/>\n<meta property=\"og:locale\" content=\"pl_PL\" \/>\n<meta property=\"og:type\" content=\"article\" \/>\n<meta property=\"og:title\" content=\"About - debag.co\" \/>\n<meta property=\"og:description\" content=\"Massa sed elementum tempus egestas sed sed risus. Risus at ultrices mi tempus imperdiet nulla malesuada pellentesque elit.\" \/>\n<meta property=\"og:url\" content=\"https:\/\/debag.co\/pl\/about\/\" \/>\n<meta property=\"og:site_name\" content=\"debag.co\" \/>\n<meta property=\"article:modified_time\" content=\"2025-09-10T21:13:35+00:00\" \/>\n<meta name=\"twitter:card\" content=\"summary_large_image\" \/>\n<meta name=\"twitter:label1\" content=\"Szacowany czas czytania\" \/>\n\t<meta name=\"twitter:data1\" content=\"2 minuty\" \/>\n<script type=\"application\/ld+json\" class=\"yoast-schema-graph\">{\"@context\":\"https:\/\/schema.org\",\"@graph\":[{\"@type\":\"WebPage\",\"@id\":\"https:\/\/debag.co\/about\/\",\"url\":\"https:\/\/debag.co\/about\/\",\"name\":\"About - debag.co\",\"isPartOf\":{\"@id\":\"https:\/\/debag.co\/#website\"},\"datePublished\":\"2020-03-13T15:28:00+00:00\",\"dateModified\":\"2025-09-10T21:13:35+00:00\",\"breadcrumb\":{\"@id\":\"https:\/\/debag.co\/about\/#breadcrumb\"},\"inLanguage\":\"pl-PL\",\"potentialAction\":[{\"@type\":\"ReadAction\",\"target\":[\"https:\/\/debag.co\/about\/\"]}]},{\"@type\":\"BreadcrumbList\",\"@id\":\"https:\/\/debag.co\/about\/#breadcrumb\",\"itemListElement\":[{\"@type\":\"ListItem\",\"position\":1,\"name\":\"Strona g\u0142\u00f3wna\",\"item\":\"https:\/\/debag.co\/\"},{\"@type\":\"ListItem\",\"position\":2,\"name\":\"About\"}]},{\"@type\":\"WebSite\",\"@id\":\"https:\/\/debag.co\/#website\",\"url\":\"https:\/\/debag.co\/\",\"name\":\"debag.co\",\"description\":\"\",\"publisher\":{\"@id\":\"https:\/\/debag.co\/#organization\"},\"potentialAction\":[{\"@type\":\"SearchAction\",\"target\":{\"@type\":\"EntryPoint\",\"urlTemplate\":\"https:\/\/debag.co\/?s={search_term_string}\"},\"query-input\":{\"@type\":\"PropertyValueSpecification\",\"valueRequired\":true,\"valueName\":\"search_term_string\"}}],\"inLanguage\":\"pl-PL\"},{\"@type\":\"Organization\",\"@id\":\"https:\/\/debag.co\/#organization\",\"name\":\"debag.co\",\"url\":\"https:\/\/debag.co\/\",\"logo\":{\"@type\":\"ImageObject\",\"inLanguage\":\"pl-PL\",\"@id\":\"https:\/\/debag.co\/#\/schema\/logo\/image\/\",\"url\":\"https:\/\/debag.co\/wp-content\/uploads\/2020\/03\/logo.svg\",\"contentUrl\":\"https:\/\/debag.co\/wp-content\/uploads\/2020\/03\/logo.svg\",\"width\":191,\"height\":35,\"caption\":\"debag.co\"},\"image\":{\"@id\":\"https:\/\/debag.co\/#\/schema\/logo\/image\/\"}}]}<\/script>\n<!-- \/ Yoast SEO plugin. -->","yoast_head_json":{"title":"About - debag.co","robots":{"index":"index","follow":"follow","max-snippet":"max-snippet:-1","max-image-preview":"max-image-preview:large","max-video-preview":"max-video-preview:-1"},"canonical":"https:\/\/debag.co\/pl\/about\/","og_locale":"pl_PL","og_type":"article","og_title":"About - debag.co","og_description":"Massa sed elementum tempus egestas sed sed risus. Risus at ultrices mi tempus imperdiet nulla malesuada pellentesque elit.","og_url":"https:\/\/debag.co\/pl\/about\/","og_site_name":"debag.co","article_modified_time":"2025-09-10T21:13:35+00:00","twitter_card":"summary_large_image","twitter_misc":{"Szacowany czas czytania":"2 minuty"},"schema":{"@context":"https:\/\/schema.org","@graph":[{"@type":"WebPage","@id":"https:\/\/debag.co\/about\/","url":"https:\/\/debag.co\/about\/","name":"About - debag.co","isPartOf":{"@id":"https:\/\/debag.co\/#website"},"datePublished":"2020-03-13T15:28:00+00:00","dateModified":"2025-09-10T21:13:35+00:00","breadcrumb":{"@id":"https:\/\/debag.co\/about\/#breadcrumb"},"inLanguage":"pl-PL","potentialAction":[{"@type":"ReadAction","target":["https:\/\/debag.co\/about\/"]}]},{"@type":"BreadcrumbList","@id":"https:\/\/debag.co\/about\/#breadcrumb","itemListElement":[{"@type":"ListItem","position":1,"name":"Strona g\u0142\u00f3wna","item":"https:\/\/debag.co\/"},{"@type":"ListItem","position":2,"name":"About"}]},{"@type":"WebSite","@id":"https:\/\/debag.co\/#website","url":"https:\/\/debag.co\/","name":"debag.co","description":"","publisher":{"@id":"https:\/\/debag.co\/#organization"},"potentialAction":[{"@type":"SearchAction","target":{"@type":"EntryPoint","urlTemplate":"https:\/\/debag.co\/?s={search_term_string}"},"query-input":{"@type":"PropertyValueSpecification","valueRequired":true,"valueName":"search_term_string"}}],"inLanguage":"pl-PL"},{"@type":"Organization","@id":"https:\/\/debag.co\/#organization","name":"debag.co","url":"https:\/\/debag.co\/","logo":{"@type":"ImageObject","inLanguage":"pl-PL","@id":"https:\/\/debag.co\/#\/schema\/logo\/image\/","url":"https:\/\/debag.co\/wp-content\/uploads\/2020\/03\/logo.svg","contentUrl":"https:\/\/debag.co\/wp-content\/uploads\/2020\/03\/logo.svg","width":191,"height":35,"caption":"debag.co"},"image":{"@id":"https:\/\/debag.co\/#\/schema\/logo\/image\/"}}]}},"_links":{"self":[{"href":"https:\/\/debag.co\/pl\/wp-json\/wp\/v2\/pages\/115","targetHints":{"allow":["GET"]}}],"collection":[{"href":"https:\/\/debag.co\/pl\/wp-json\/wp\/v2\/pages"}],"about":[{"href":"https:\/\/debag.co\/pl\/wp-json\/wp\/v2\/types\/page"}],"author":[{"embeddable":true,"href":"https:\/\/debag.co\/pl\/wp-json\/wp\/v2\/users\/1"}],"replies":[{"embeddable":true,"href":"https:\/\/debag.co\/pl\/wp-json\/wp\/v2\/comments?post=115"}],"version-history":[{"count":43,"href":"https:\/\/debag.co\/pl\/wp-json\/wp\/v2\/pages\/115\/revisions"}],"predecessor-version":[{"id":1026,"href":"https:\/\/debag.co\/pl\/wp-json\/wp\/v2\/pages\/115\/revisions\/1026"}],"wp:attachment":[{"href":"https:\/\/debag.co\/pl\/wp-json\/wp\/v2\/media?parent=115"}],"curies":[{"name":"wp","href":"https:\/\/api.w.org\/{rel}","templated":true}]}}