{"id":364,"date":"2020-03-10T21:16:55","date_gmt":"2020-03-10T21:16:55","guid":{"rendered":"https:\/\/startersites.io\/blocksy\/modern-shop\/?page_id=3"},"modified":"2025-09-06T14:08:51","modified_gmt":"2025-09-06T14:08:51","slug":"privacy-policy","status":"publish","type":"page","link":"https:\/\/debag.co\/pl\/privacy-policy\/","title":{"rendered":"Privacy Policy"},"content":{"rendered":"<div data-elementor-type=\"wp-page\" data-elementor-id=\"364\" class=\"elementor elementor-364\">\n\t\t\t\t<div data-ka-cursor-size=\"1\" class=\"elementor-element elementor-element-3b98c42d e-flex e-con-boxed e-con e-parent\" data-id=\"3b98c42d\" data-element_type=\"container\" data-e-type=\"container\" data-settings=\"{&quot;kng_cursor_interaction&quot;:&quot;default&quot;,&quot;kng_cursor_magnetic&quot;:&quot;none&quot;,&quot;kng_cursor_size_multiplier&quot;:{&quot;unit&quot;:&quot;px&quot;,&quot;size&quot;:1,&quot;sizes&quot;:[]}}\">\n\t\t\t\t\t<div class=\"e-con-inner\">\n\t\t\t\t<div data-ka-cursor-size=\"1\" class=\"elementor-element elementor-element-39bb5d6 elementor-widget elementor-widget-text-editor\" data-id=\"39bb5d6\" data-element_type=\"widget\" data-e-type=\"widget\" data-settings=\"{&quot;kng_cursor_interaction&quot;:&quot;default&quot;,&quot;kng_cursor_magnetic&quot;:&quot;none&quot;,&quot;kng_cursor_size_multiplier&quot;:{&quot;unit&quot;:&quot;px&quot;,&quot;size&quot;:1,&quot;sizes&quot;:[]}}\" data-widget_type=\"text-editor.default\">\n\t\t\t\t\t\t\t\t\t\n<h5><strong data-start=\"332\" data-end=\"351\">1. Administrator danych<\/strong><\/h5>\n<p>Administratorem danych jest Kinga Nowak prowadz\u0105ca dzia\u0142alno\u015b\u0107 nierejestrowan\u0105, adres: Zielona G\u00f3ra, Makowa 14, 65-382 Paczkomat ZGO08N,<br \/>e-mail: contact@debag.co.<\/p>\n<h5 data-start=\"497\" data-end=\"671\"><strong data-start=\"497\" data-end=\"515\">2. Gromadzone dane<\/strong><\/h5>\n<p data-start=\"497\" data-end=\"671\">Zbieramy dane osobowe niezb\u0119dne do realizacji zam\u00f3wie\u0144: imi\u0119, nazwisko, adres e-mail, numer telefonu, adres dostawy, dane do faktury (je\u015bli dotyczy).<\/p>\n<h5 data-start=\"676\" data-end=\"761\"><strong data-start=\"676\" data-end=\"702\">3. Cele przetwarzania<\/strong><\/h5>\n<p data-start=\"676\" data-end=\"761\">Dane osobowe s\u0105 przetwarzane w nast\u0119puj\u0105cych celach:<\/p>\n<ul data-start=\"762\" data-end=\"907\">\n<li data-start=\"762\" data-end=\"784\">\n<p data-start=\"764\" data-end=\"784\">realizacja zam\u00f3wienia,<\/p>\n<\/li>\n<li data-start=\"785\" data-end=\"810\">\n<p data-start=\"787\" data-end=\"810\">p\u0142atno\u015bci i wysy\u0142ka,<\/p>\n<\/li>\n<li data-start=\"811\" data-end=\"847\">\n<p data-start=\"813\" data-end=\"847\">obs\u0142uga zwrot\u00f3w i reklamacji,<\/p>\n<\/li>\n<li data-start=\"848\" data-end=\"869\">\n<p data-start=\"850\" data-end=\"869\">obs\u0142uga klienta,<\/p>\n<\/li>\n<li data-start=\"870\" data-end=\"907\">\n<p data-start=\"872\" data-end=\"907\">obowi\u0105zki prawne i ksi\u0119gowe.<\/p>\n<\/li>\n<\/ul>\n<h5 data-start=\"872\" data-end=\"907\"><strong data-start=\"912\" data-end=\"927\">4. Podstawa prawna<\/strong><\/h5>\n<p data-start=\"872\" data-end=\"907\">Przetwarzanie odbywa si\u0119 zgodnie z:<\/p>\n<ul data-start=\"978\" data-end=\"1253\">\n<li data-start=\"978\" data-end=\"1097\">\n<p data-start=\"980\" data-end=\"1097\">Rozporz\u0105dzeniem Parlamentu Europejskiego i Rady (UE) 2016\/679 (Og\u00f3lne rozporz\u0105dzenie o ochronie danych \u2013 RODO),<\/p>\n<\/li>\n<li data-start=\"1098\" data-end=\"1167\">\n<p data-start=\"1100\" data-end=\"1167\">Ustaw\u0105 z dnia 10 maja 2018 r. o ochronie danych osobowych,<\/p>\n<\/li>\n<li data-start=\"1168\" data-end=\"1253\">\n<p data-start=\"1170\" data-end=\"1253\">obowi\u0105zuj\u0105cymi przepisami prawa polskiego dotycz\u0105cymi ochrony konsument\u00f3w i rachunkowo\u015bci.<\/p>\n<\/li>\n<\/ul>\n<h5 data-start=\"1170\" data-end=\"1253\"><strong>5. Okres przechowywania<\/strong><\/h5>\n<p data-start=\"1170\" data-end=\"1253\">Dane przechowywane s\u0105 przez okres niezb\u0119dny do realizacji zam\u00f3wienia i obowi\u0105zk\u00f3w prawnych (do 5 lat zgodnie z polskim prawem podatkowym).<\/p>\n<h5 data-start=\"1406\" data-end=\"1534\"><strong data-start=\"1406\" data-end=\"1425\">6. Odbiorcy danych<\/strong><\/h5>\n<p data-start=\"1406\" data-end=\"1534\">Dane mog\u0105 by\u0107 udost\u0119pniane: firmom kurierskim, operatorom p\u0142atno\u015bci, dostawcom us\u0142ug IT, us\u0142ugom ksi\u0119gowym.<\/p>\n<h5 data-start=\"1539\" data-end=\"1747\"><strong data-start=\"1539\" data-end=\"1554\">7. Prawa u\u017cytkownik\u00f3w<\/strong><\/h5>\n<p data-start=\"1539\" data-end=\"1747\">U\u017cytkownik ma prawo do: dost\u0119pu do swoich danych, ich sprostowania, usuni\u0119cia, ograniczenia przetwarzania, wniesienia sprzeciwu, przeniesienia danych oraz z\u0142o\u017cenia skargi do Prezesa Urz\u0119du Ochrony Danych Osobowych (UODO) w Polsce.<\/p>\n<h5 data-start=\"1752\" data-end=\"1880\"><strong data-start=\"1752\" data-end=\"1763\">8. Pliki cookies<\/strong><\/h5>\n<p data-start=\"1752\" data-end=\"1880\">Sklep wykorzystuje pliki cookies w celach technicznych i analitycznych. U\u017cytkownik mo\u017ce zarz\u0105dza\u0107 plikami cookies w ustawieniach swojej przegl\u0105darki.<\/p>\n\t\t\t\t<style id=\"core-39bb5d6-core-block-supports-inline-css\"><\/style>\t\t\t\t<\/div>\n\t\t\t\t\t<\/div>\n\t\t\t\t<\/div>\n\t\t\t\t<\/div>","protected":false},"excerpt":{"rendered":"<p>1. Data Controller The data controller is Kinga Nowak, operating under non-registered business activity, address: Zielona G\u00f3ra, Makowa 14, 65-382 Paczkomat ZGO08N,e-mail: contact@debag.co. 2. Collected Data We collect personal data necessary to fulfill orders: name, surname, e-mail address, phone number, shipping address, billing information (if applicable). 3. Purposes of Processing Personal data is processed for [&hellip;]<\/p>\n","protected":false},"author":1,"featured_media":0,"parent":0,"menu_order":0,"comment_status":"closed","ping_status":"closed","template":"","meta":{"_monsterinsights_skip_tracking":false,"_monsterinsights_sitenote_active":false,"_monsterinsights_sitenote_note":"","_monsterinsights_sitenote_category":0,"footnotes":""},"class_list":["post-364","page","type-page","status-publish","hentry"],"blocksy_meta":{"styles_descriptor":{"styles":{"desktop":"","tablet":"","mobile":""},"google_fonts":[],"version":6}},"yoast_head":"<!-- This site is optimized with the Yoast SEO plugin v27.0 - https:\/\/yoast.com\/product\/yoast-seo-wordpress\/ -->\n<title>Privacy Policy - debag.co<\/title>\n<meta name=\"robots\" content=\"index, follow, max-snippet:-1, max-image-preview:large, max-video-preview:-1\" \/>\n<link rel=\"canonical\" href=\"https:\/\/debag.co\/pl\/privacy-policy\/\" \/>\n<meta property=\"og:locale\" content=\"pl_PL\" \/>\n<meta property=\"og:type\" content=\"article\" \/>\n<meta property=\"og:title\" content=\"Privacy Policy - debag.co\" \/>\n<meta property=\"og:description\" content=\"1. Data Controller The data controller is Kinga Nowak, operating under non-registered business activity, address: Zielona G\u00f3ra, Makowa 14, 65-382 Paczkomat ZGO08N,e-mail: contact@debag.co. 2. Collected Data We collect personal data necessary to fulfill orders: name, surname, e-mail address, phone number, shipping address, billing information (if applicable). 3. Purposes of Processing Personal data is processed for [&hellip;]\" \/>\n<meta property=\"og:url\" content=\"https:\/\/debag.co\/pl\/privacy-policy\/\" \/>\n<meta property=\"og:site_name\" content=\"debag.co\" \/>\n<meta property=\"article:modified_time\" content=\"2025-09-06T14:08:51+00:00\" \/>\n<meta name=\"twitter:card\" content=\"summary_large_image\" \/>\n<meta name=\"twitter:label1\" content=\"Szacowany czas czytania\" \/>\n\t<meta name=\"twitter:data1\" content=\"1 minuta\" \/>\n<script type=\"application\/ld+json\" class=\"yoast-schema-graph\">{\"@context\":\"https:\/\/schema.org\",\"@graph\":[{\"@type\":\"WebPage\",\"@id\":\"https:\/\/debag.co\/privacy-policy\/\",\"url\":\"https:\/\/debag.co\/privacy-policy\/\",\"name\":\"Privacy Policy - debag.co\",\"isPartOf\":{\"@id\":\"https:\/\/debag.co\/#website\"},\"datePublished\":\"2020-03-10T21:16:55+00:00\",\"dateModified\":\"2025-09-06T14:08:51+00:00\",\"breadcrumb\":{\"@id\":\"https:\/\/debag.co\/privacy-policy\/#breadcrumb\"},\"inLanguage\":\"pl-PL\",\"potentialAction\":[{\"@type\":\"ReadAction\",\"target\":[\"https:\/\/debag.co\/privacy-policy\/\"]}]},{\"@type\":\"BreadcrumbList\",\"@id\":\"https:\/\/debag.co\/privacy-policy\/#breadcrumb\",\"itemListElement\":[{\"@type\":\"ListItem\",\"position\":1,\"name\":\"Strona g\u0142\u00f3wna\",\"item\":\"https:\/\/debag.co\/\"},{\"@type\":\"ListItem\",\"position\":2,\"name\":\"Privacy Policy\"}]},{\"@type\":\"WebSite\",\"@id\":\"https:\/\/debag.co\/#website\",\"url\":\"https:\/\/debag.co\/\",\"name\":\"debag.co\",\"description\":\"\",\"publisher\":{\"@id\":\"https:\/\/debag.co\/#organization\"},\"potentialAction\":[{\"@type\":\"SearchAction\",\"target\":{\"@type\":\"EntryPoint\",\"urlTemplate\":\"https:\/\/debag.co\/?s={search_term_string}\"},\"query-input\":{\"@type\":\"PropertyValueSpecification\",\"valueRequired\":true,\"valueName\":\"search_term_string\"}}],\"inLanguage\":\"pl-PL\"},{\"@type\":\"Organization\",\"@id\":\"https:\/\/debag.co\/#organization\",\"name\":\"debag.co\",\"url\":\"https:\/\/debag.co\/\",\"logo\":{\"@type\":\"ImageObject\",\"inLanguage\":\"pl-PL\",\"@id\":\"https:\/\/debag.co\/#\/schema\/logo\/image\/\",\"url\":\"https:\/\/debag.co\/wp-content\/uploads\/2020\/03\/logo.svg\",\"contentUrl\":\"https:\/\/debag.co\/wp-content\/uploads\/2020\/03\/logo.svg\",\"width\":191,\"height\":35,\"caption\":\"debag.co\"},\"image\":{\"@id\":\"https:\/\/debag.co\/#\/schema\/logo\/image\/\"}}]}<\/script>\n<!-- \/ Yoast SEO plugin. -->","yoast_head_json":{"title":"Privacy Policy - debag.co","robots":{"index":"index","follow":"follow","max-snippet":"max-snippet:-1","max-image-preview":"max-image-preview:large","max-video-preview":"max-video-preview:-1"},"canonical":"https:\/\/debag.co\/pl\/privacy-policy\/","og_locale":"pl_PL","og_type":"article","og_title":"Privacy Policy - debag.co","og_description":"1. Data Controller The data controller is Kinga Nowak, operating under non-registered business activity, address: Zielona G\u00f3ra, Makowa 14, 65-382 Paczkomat ZGO08N,e-mail: contact@debag.co. 2. Collected Data We collect personal data necessary to fulfill orders: name, surname, e-mail address, phone number, shipping address, billing information (if applicable). 3. Purposes of Processing Personal data is processed for [&hellip;]","og_url":"https:\/\/debag.co\/pl\/privacy-policy\/","og_site_name":"debag.co","article_modified_time":"2025-09-06T14:08:51+00:00","twitter_card":"summary_large_image","twitter_misc":{"Szacowany czas czytania":"1 minuta"},"schema":{"@context":"https:\/\/schema.org","@graph":[{"@type":"WebPage","@id":"https:\/\/debag.co\/privacy-policy\/","url":"https:\/\/debag.co\/privacy-policy\/","name":"Privacy Policy - debag.co","isPartOf":{"@id":"https:\/\/debag.co\/#website"},"datePublished":"2020-03-10T21:16:55+00:00","dateModified":"2025-09-06T14:08:51+00:00","breadcrumb":{"@id":"https:\/\/debag.co\/privacy-policy\/#breadcrumb"},"inLanguage":"pl-PL","potentialAction":[{"@type":"ReadAction","target":["https:\/\/debag.co\/privacy-policy\/"]}]},{"@type":"BreadcrumbList","@id":"https:\/\/debag.co\/privacy-policy\/#breadcrumb","itemListElement":[{"@type":"ListItem","position":1,"name":"Strona g\u0142\u00f3wna","item":"https:\/\/debag.co\/"},{"@type":"ListItem","position":2,"name":"Privacy Policy"}]},{"@type":"WebSite","@id":"https:\/\/debag.co\/#website","url":"https:\/\/debag.co\/","name":"debag.co","description":"","publisher":{"@id":"https:\/\/debag.co\/#organization"},"potentialAction":[{"@type":"SearchAction","target":{"@type":"EntryPoint","urlTemplate":"https:\/\/debag.co\/?s={search_term_string}"},"query-input":{"@type":"PropertyValueSpecification","valueRequired":true,"valueName":"search_term_string"}}],"inLanguage":"pl-PL"},{"@type":"Organization","@id":"https:\/\/debag.co\/#organization","name":"debag.co","url":"https:\/\/debag.co\/","logo":{"@type":"ImageObject","inLanguage":"pl-PL","@id":"https:\/\/debag.co\/#\/schema\/logo\/image\/","url":"https:\/\/debag.co\/wp-content\/uploads\/2020\/03\/logo.svg","contentUrl":"https:\/\/debag.co\/wp-content\/uploads\/2020\/03\/logo.svg","width":191,"height":35,"caption":"debag.co"},"image":{"@id":"https:\/\/debag.co\/#\/schema\/logo\/image\/"}}]}},"_links":{"self":[{"href":"https:\/\/debag.co\/pl\/wp-json\/wp\/v2\/pages\/364","targetHints":{"allow":["GET"]}}],"collection":[{"href":"https:\/\/debag.co\/pl\/wp-json\/wp\/v2\/pages"}],"about":[{"href":"https:\/\/debag.co\/pl\/wp-json\/wp\/v2\/types\/page"}],"author":[{"embeddable":true,"href":"https:\/\/debag.co\/pl\/wp-json\/wp\/v2\/users\/1"}],"replies":[{"embeddable":true,"href":"https:\/\/debag.co\/pl\/wp-json\/wp\/v2\/comments?post=364"}],"version-history":[{"count":10,"href":"https:\/\/debag.co\/pl\/wp-json\/wp\/v2\/pages\/364\/revisions"}],"predecessor-version":[{"id":916,"href":"https:\/\/debag.co\/pl\/wp-json\/wp\/v2\/pages\/364\/revisions\/916"}],"wp:attachment":[{"href":"https:\/\/debag.co\/pl\/wp-json\/wp\/v2\/media?parent=364"}],"curies":[{"name":"wp","href":"https:\/\/api.w.org\/{rel}","templated":true}]}}