{"id":863,"date":"2025-09-05T11:07:27","date_gmt":"2025-09-05T11:07:27","guid":{"rendered":"https:\/\/debag.co\/?page_id=863"},"modified":"2025-09-06T14:08:53","modified_gmt":"2025-09-06T14:08:53","slug":"refund_returns","status":"publish","type":"page","link":"https:\/\/debag.co\/pl\/refund_returns\/","title":{"rendered":"Polityka zwrot\u00f3w"},"content":{"rendered":"<div data-elementor-type=\"wp-page\" data-elementor-id=\"863\" class=\"elementor elementor-863\">\n\t\t\t\t<div data-ka-cursor-size=\"1\" class=\"elementor-element elementor-element-0237426 e-flex e-con-boxed e-con e-parent\" data-id=\"0237426\" data-element_type=\"container\" data-e-type=\"container\" data-settings=\"{&quot;kng_cursor_interaction&quot;:&quot;default&quot;,&quot;kng_cursor_magnetic&quot;:&quot;none&quot;,&quot;kng_cursor_size_multiplier&quot;:{&quot;unit&quot;:&quot;px&quot;,&quot;size&quot;:1,&quot;sizes&quot;:[]}}\">\n\t\t\t\t\t<div class=\"e-con-inner\">\n\t\t\t\t<div data-ka-cursor-size=\"1\" class=\"elementor-element elementor-element-80d455d elementor-widget elementor-widget-text-editor\" data-id=\"80d455d\" data-element_type=\"widget\" data-e-type=\"widget\" data-settings=\"{&quot;kng_cursor_interaction&quot;:&quot;default&quot;,&quot;kng_cursor_magnetic&quot;:&quot;none&quot;,&quot;kng_cursor_size_multiplier&quot;:{&quot;unit&quot;:&quot;px&quot;,&quot;size&quot;:1,&quot;sizes&quot;:[]}}\" data-widget_type=\"text-editor.default\">\n\t\t\t\t\t\t\t\t\t<h5 data-start=\"228\" data-end=\"256\">1. Prawo odst\u0105pienia od umowy<\/h5><ul data-start=\"257\" data-end=\"522\"><li data-start=\"257\" data-end=\"342\"><p data-start=\"259\" data-end=\"342\">Konsument ma prawo odst\u0105pi\u0107 od umowy w ci\u0105gu 14 dni od otrzymania produktu.<\/p><\/li><li data-start=\"343\" data-end=\"441\"><p data-start=\"345\" data-end=\"441\">Aby skorzysta\u0107 z tego prawa, Klient musi przes\u0142a\u0107 powiadomienie e-mailem na adres: <strong>contact@debag.co<\/strong>.<\/p><\/li><li data-start=\"442\" data-end=\"522\"><p data-start=\"444\" data-end=\"522\">Produkty nale\u017cy odes\u0142a\u0107 <strong data-start=\"470\" data-end=\"521\">w ci\u0105gu 14 dni od wys\u0142ania o\u015bwiadczenia o odst\u0105pieniu.<\/strong>.<\/p><\/li><\/ul><h5 data-start=\"524\" data-end=\"547\">2. Adres zwrotu<\/h5><p data-start=\"548\" data-end=\"683\">Wszystkie zwroty nale\u017cy wysy\u0142a\u0107 wy\u0142\u0105cznie na adres:<br data-start=\"589\" data-end=\"592\" \/>\ud83d\udce6 <strong data-start=\"595\" data-end=\"622\">InPost Paczkomat ZGO08N<\/strong><br data-start=\"622\" data-end=\"625\" \/>Zielona G\u00f3ra, Makowa 14, 65-382 kod: ZGO08N.<\/p><p data-start=\"685\" data-end=\"747\">Produkty odes\u0142ane na inny adres nie b\u0119d\u0105 przyjmowane.<\/p><h5 data-start=\"685\" data-end=\"747\">3. Warunki zwrot\u00f3w<\/h5><ul data-start=\"149\" data-end=\"494\"><li data-start=\"149\" data-end=\"298\"><p data-start=\"151\" data-end=\"298\">Zwracane produkty musz\u0105 znajdowa\u0107 si\u0119 w <strong data-start=\"186\" data-end=\"208\">w oryginalnym opakowaniu<\/strong> oraz w <strong data-start=\"216\" data-end=\"250\">takim samym stanie, w jakim zosta\u0142y otrzymane<\/strong>\u2013 bez \u015blad\u00f3w u\u017cytkowania, uszkodze\u0144 czy zmian.<\/p><\/li><li data-start=\"299\" data-end=\"392\"><p data-start=\"301\" data-end=\"392\">Zwroty niespe\u0142niaj\u0105ce tych warunk\u00f3w mog\u0105 zosta\u0107 <strong data-start=\"350\" data-end=\"389\">odrzucone lub zwr\u00f3cone tylko cz\u0119\u015bciowo.<\/strong>.<\/p><\/li><li data-start=\"393\" data-end=\"494\"><p data-start=\"395\" data-end=\"494\">Zasada ta dotyczy wszystkich produkt\u00f3w podlegaj\u0105cych zwrotowi, w tym niepersonalizowanych wyrob\u00f3w handmade.<\/p><\/li><\/ul><h5 data-start=\"921\" data-end=\"937\">4. Zwrot pieni\u0119dzy<\/h5><ul data-start=\"938\" data-end=\"1335\"><li data-start=\"938\" data-end=\"1086\"><p data-start=\"940\" data-end=\"1086\">Zwrot \u015brodk\u00f3w nast\u0119puje <strong data-start=\"959\" data-end=\"977\">w ci\u0105gu 14 dni<\/strong> od otrzymania o\u015bwiadczenia o odst\u0105pieniu, przy u\u017cyciu tej samej metody p\u0142atno\u015bci, jaka zosta\u0142a wykorzystana przy zakupie.<\/p><\/li><li data-start=\"1087\" data-end=\"1196\"><p data-start=\"1089\" data-end=\"1196\">Sprzedawca mo\u017ce <strong data-start=\"1104\" data-end=\"1165\">wstrzyma\u0107 zwrot do czasu otrzymania zwr\u00f3conego towaru<\/strong> w wyznaczonym Paczkomacie.<\/p><\/li><li data-start=\"1197\" data-end=\"1335\"><p data-start=\"1199\" data-end=\"1335\">Zwrot obejmuje koszt produktu. Klient ponosi koszt odes\u0142ania produktu, chyba \u017ce inaczej ustalono ze Sprzedawc\u0105.<\/p><\/li><\/ul>\t\t\t\t<style id=\"core-80d455d-core-block-supports-inline-css\"><\/style>\t\t\t\t<\/div>\n\t\t\t\t\t<\/div>\n\t\t\t\t<\/div>\n\t\t\t\t<\/div>","protected":false},"excerpt":{"rendered":"<p>1. Right of Withdrawal Consumers may withdraw from the contract within 14 days of receiving the product. To exercise this right, the Customer must send a notification by e-mail to: contact@debag.co. Products must be returned within 14 days of sending the withdrawal notice. 2. Return Address All returns must be sent exclusively via:\ud83d\udce6 InPost Paczkomat [&hellip;]<\/p>\n","protected":false},"author":1,"featured_media":0,"parent":0,"menu_order":0,"comment_status":"closed","ping_status":"closed","template":"","meta":{"_monsterinsights_skip_tracking":false,"_monsterinsights_sitenote_active":false,"_monsterinsights_sitenote_note":"","_monsterinsights_sitenote_category":0,"footnotes":""},"class_list":["post-863","page","type-page","status-publish","hentry"],"blocksy_meta":[],"yoast_head":"<!-- This site is optimized with the Yoast SEO plugin v27.0 - https:\/\/yoast.com\/product\/yoast-seo-wordpress\/ -->\n<title>Refund and Returns Policy - debag.co<\/title>\n<meta name=\"robots\" content=\"index, follow, max-snippet:-1, max-image-preview:large, max-video-preview:-1\" \/>\n<link rel=\"canonical\" href=\"https:\/\/debag.co\/pl\/refund_returns\/\" \/>\n<meta property=\"og:locale\" content=\"pl_PL\" \/>\n<meta property=\"og:type\" content=\"article\" \/>\n<meta property=\"og:title\" content=\"Refund and Returns Policy - debag.co\" \/>\n<meta property=\"og:description\" content=\"1. Right of Withdrawal Consumers may withdraw from the contract within 14 days of receiving the product. To exercise this right, the Customer must send a notification by e-mail to: contact@debag.co. Products must be returned within 14 days of sending the withdrawal notice. 2. Return Address All returns must be sent exclusively via:\ud83d\udce6 InPost Paczkomat [&hellip;]\" \/>\n<meta property=\"og:url\" content=\"https:\/\/debag.co\/pl\/refund_returns\/\" \/>\n<meta property=\"og:site_name\" content=\"debag.co\" \/>\n<meta property=\"article:modified_time\" content=\"2025-09-06T14:08:53+00:00\" \/>\n<meta name=\"twitter:card\" content=\"summary_large_image\" \/>\n<meta name=\"twitter:label1\" content=\"Szacowany czas czytania\" \/>\n\t<meta name=\"twitter:data1\" content=\"1 minuta\" \/>\n<script type=\"application\/ld+json\" class=\"yoast-schema-graph\">{\"@context\":\"https:\/\/schema.org\",\"@graph\":[{\"@type\":\"WebPage\",\"@id\":\"https:\/\/debag.co\/refund_returns\/\",\"url\":\"https:\/\/debag.co\/refund_returns\/\",\"name\":\"Refund and Returns Policy - debag.co\",\"isPartOf\":{\"@id\":\"https:\/\/debag.co\/#website\"},\"datePublished\":\"2025-09-05T11:07:27+00:00\",\"dateModified\":\"2025-09-06T14:08:53+00:00\",\"breadcrumb\":{\"@id\":\"https:\/\/debag.co\/refund_returns\/#breadcrumb\"},\"inLanguage\":\"pl-PL\",\"potentialAction\":[{\"@type\":\"ReadAction\",\"target\":[\"https:\/\/debag.co\/refund_returns\/\"]}]},{\"@type\":\"BreadcrumbList\",\"@id\":\"https:\/\/debag.co\/refund_returns\/#breadcrumb\",\"itemListElement\":[{\"@type\":\"ListItem\",\"position\":1,\"name\":\"Strona g\u0142\u00f3wna\",\"item\":\"https:\/\/debag.co\/\"},{\"@type\":\"ListItem\",\"position\":2,\"name\":\"Refund and Returns Policy\"}]},{\"@type\":\"WebSite\",\"@id\":\"https:\/\/debag.co\/#website\",\"url\":\"https:\/\/debag.co\/\",\"name\":\"debag.co\",\"description\":\"\",\"publisher\":{\"@id\":\"https:\/\/debag.co\/#organization\"},\"potentialAction\":[{\"@type\":\"SearchAction\",\"target\":{\"@type\":\"EntryPoint\",\"urlTemplate\":\"https:\/\/debag.co\/?s={search_term_string}\"},\"query-input\":{\"@type\":\"PropertyValueSpecification\",\"valueRequired\":true,\"valueName\":\"search_term_string\"}}],\"inLanguage\":\"pl-PL\"},{\"@type\":\"Organization\",\"@id\":\"https:\/\/debag.co\/#organization\",\"name\":\"debag.co\",\"url\":\"https:\/\/debag.co\/\",\"logo\":{\"@type\":\"ImageObject\",\"inLanguage\":\"pl-PL\",\"@id\":\"https:\/\/debag.co\/#\/schema\/logo\/image\/\",\"url\":\"https:\/\/debag.co\/wp-content\/uploads\/2020\/03\/logo.svg\",\"contentUrl\":\"https:\/\/debag.co\/wp-content\/uploads\/2020\/03\/logo.svg\",\"width\":191,\"height\":35,\"caption\":\"debag.co\"},\"image\":{\"@id\":\"https:\/\/debag.co\/#\/schema\/logo\/image\/\"}}]}<\/script>\n<!-- \/ Yoast SEO plugin. -->","yoast_head_json":{"title":"Refund and Returns Policy - debag.co","robots":{"index":"index","follow":"follow","max-snippet":"max-snippet:-1","max-image-preview":"max-image-preview:large","max-video-preview":"max-video-preview:-1"},"canonical":"https:\/\/debag.co\/pl\/refund_returns\/","og_locale":"pl_PL","og_type":"article","og_title":"Refund and Returns Policy - debag.co","og_description":"1. Right of Withdrawal Consumers may withdraw from the contract within 14 days of receiving the product. To exercise this right, the Customer must send a notification by e-mail to: contact@debag.co. Products must be returned within 14 days of sending the withdrawal notice. 2. Return Address All returns must be sent exclusively via:\ud83d\udce6 InPost Paczkomat [&hellip;]","og_url":"https:\/\/debag.co\/pl\/refund_returns\/","og_site_name":"debag.co","article_modified_time":"2025-09-06T14:08:53+00:00","twitter_card":"summary_large_image","twitter_misc":{"Szacowany czas czytania":"1 minuta"},"schema":{"@context":"https:\/\/schema.org","@graph":[{"@type":"WebPage","@id":"https:\/\/debag.co\/refund_returns\/","url":"https:\/\/debag.co\/refund_returns\/","name":"Refund and Returns Policy - debag.co","isPartOf":{"@id":"https:\/\/debag.co\/#website"},"datePublished":"2025-09-05T11:07:27+00:00","dateModified":"2025-09-06T14:08:53+00:00","breadcrumb":{"@id":"https:\/\/debag.co\/refund_returns\/#breadcrumb"},"inLanguage":"pl-PL","potentialAction":[{"@type":"ReadAction","target":["https:\/\/debag.co\/refund_returns\/"]}]},{"@type":"BreadcrumbList","@id":"https:\/\/debag.co\/refund_returns\/#breadcrumb","itemListElement":[{"@type":"ListItem","position":1,"name":"Strona g\u0142\u00f3wna","item":"https:\/\/debag.co\/"},{"@type":"ListItem","position":2,"name":"Refund and Returns Policy"}]},{"@type":"WebSite","@id":"https:\/\/debag.co\/#website","url":"https:\/\/debag.co\/","name":"debag.co","description":"","publisher":{"@id":"https:\/\/debag.co\/#organization"},"potentialAction":[{"@type":"SearchAction","target":{"@type":"EntryPoint","urlTemplate":"https:\/\/debag.co\/?s={search_term_string}"},"query-input":{"@type":"PropertyValueSpecification","valueRequired":true,"valueName":"search_term_string"}}],"inLanguage":"pl-PL"},{"@type":"Organization","@id":"https:\/\/debag.co\/#organization","name":"debag.co","url":"https:\/\/debag.co\/","logo":{"@type":"ImageObject","inLanguage":"pl-PL","@id":"https:\/\/debag.co\/#\/schema\/logo\/image\/","url":"https:\/\/debag.co\/wp-content\/uploads\/2020\/03\/logo.svg","contentUrl":"https:\/\/debag.co\/wp-content\/uploads\/2020\/03\/logo.svg","width":191,"height":35,"caption":"debag.co"},"image":{"@id":"https:\/\/debag.co\/#\/schema\/logo\/image\/"}}]}},"_links":{"self":[{"href":"https:\/\/debag.co\/pl\/wp-json\/wp\/v2\/pages\/863","targetHints":{"allow":["GET"]}}],"collection":[{"href":"https:\/\/debag.co\/pl\/wp-json\/wp\/v2\/pages"}],"about":[{"href":"https:\/\/debag.co\/pl\/wp-json\/wp\/v2\/types\/page"}],"author":[{"embeddable":true,"href":"https:\/\/debag.co\/pl\/wp-json\/wp\/v2\/users\/1"}],"replies":[{"embeddable":true,"href":"https:\/\/debag.co\/pl\/wp-json\/wp\/v2\/comments?post=863"}],"version-history":[{"count":14,"href":"https:\/\/debag.co\/pl\/wp-json\/wp\/v2\/pages\/863\/revisions"}],"predecessor-version":[{"id":919,"href":"https:\/\/debag.co\/pl\/wp-json\/wp\/v2\/pages\/863\/revisions\/919"}],"wp:attachment":[{"href":"https:\/\/debag.co\/pl\/wp-json\/wp\/v2\/media?parent=863"}],"curies":[{"name":"wp","href":"https:\/\/api.w.org\/{rel}","templated":true}]}}